{"id":13,"date":"2026-03-02T16:22:56","date_gmt":"2026-03-02T16:22:56","guid":{"rendered":"https:\/\/hpgarden.rkinformatika.online\/?page_id=13"},"modified":"2026-03-04T14:43:59","modified_gmt":"2026-03-04T14:43:59","slug":"servicios","status":"publish","type":"page","link":"https:\/\/hpgarden.es\/en\/servicios\/","title":{"rendered":"Services"},"content":{"rendered":"\t\t<div data-elementor-type=\"wp-page\" data-elementor-id=\"13\" class=\"elementor elementor-13\" data-elementor-post-type=\"page\">\n\t\t\t\t<div class=\"elementor-element elementor-element-04166d9 e-flex e-con-boxed e-con e-parent\" data-id=\"04166d9\" data-element_type=\"container\" data-e-type=\"container\" data-settings=\"{&quot;background_background&quot;:&quot;slideshow&quot;,&quot;background_slideshow_gallery&quot;:[{&quot;id&quot;:199,&quot;url&quot;:&quot;https:\\\/\\\/hpgarden.es\\\/wp-content\\\/uploads\\\/2026\\\/03\\\/2396.jpg&quot;},{&quot;id&quot;:200,&quot;url&quot;:&quot;https:\\\/\\\/hpgarden.es\\\/wp-content\\\/uploads\\\/2026\\\/03\\\/2148905240.jpg&quot;}],&quot;background_slideshow_transition_duration&quot;:800,&quot;background_slideshow_lazyload&quot;:&quot;yes&quot;,&quot;background_slideshow_ken_burns&quot;:&quot;yes&quot;,&quot;background_slideshow_ken_burns_zoom_direction&quot;:&quot;out&quot;,&quot;background_slideshow_loop&quot;:&quot;yes&quot;,&quot;background_slideshow_slide_duration&quot;:5000,&quot;background_slideshow_slide_transition&quot;:&quot;fade&quot;}\">\n\t\t\t\t\t<div class=\"e-con-inner\">\n\t\t\t\t<div class=\"elementor-element elementor-element-492d621 elementor-widget elementor-widget-heading\" data-id=\"492d621\" data-element_type=\"widget\" data-e-type=\"widget\" data-widget_type=\"heading.default\">\n\t\t\t\t\t<h2 class=\"elementor-heading-title elementor-size-default\">Servicios<\/h2>\t\t\t\t<\/div>\n\t\t\t\t\t<\/div>\n\t\t\t\t<\/div>\n\t\t<div class=\"elementor-element elementor-element-c36a12e e-flex e-con-boxed e-con e-parent\" data-id=\"c36a12e\" data-element_type=\"container\" data-e-type=\"container\" data-settings=\"{&quot;background_background&quot;:&quot;classic&quot;}\">\n\t\t\t\t\t<div class=\"e-con-inner\">\n\t\t\t\t<div class=\"elementor-element elementor-element-d7e75a1 elementor-widget elementor-widget-heading\" data-id=\"d7e75a1\" data-element_type=\"widget\" data-e-type=\"widget\" data-widget_type=\"heading.default\">\n\t\t\t\t\t<h2 class=\"elementor-heading-title elementor-size-default\">Servicios que ofrecemos<\/h2>\t\t\t\t<\/div>\n\t\t\t\t<div class=\"elementor-element elementor-element-5dd43df elementor-widget elementor-widget-n-accordion\" data-id=\"5dd43df\" data-element_type=\"widget\" data-e-type=\"widget\" data-settings=\"{&quot;default_state&quot;:&quot;expanded&quot;,&quot;max_items_expended&quot;:&quot;one&quot;,&quot;n_accordion_animation_duration&quot;:{&quot;unit&quot;:&quot;ms&quot;,&quot;size&quot;:400,&quot;sizes&quot;:[]}}\" data-widget_type=\"nested-accordion.default\">\n\t\t\t\t\t\t\t<div class=\"e-n-accordion\" aria-label=\"Accordion. Open links with Enter or Space, close with Escape, and navigate with Arrow Keys\">\n\t\t\t\t\t\t<details id=\"e-n-accordion-item-9830\" class=\"e-n-accordion-item\" open>\n\t\t\t\t<summary class=\"e-n-accordion-item-title\" data-accordion-index=\"1\" tabindex=\"0\" aria-expanded=\"true\" aria-controls=\"e-n-accordion-item-9830\" >\n\t\t\t\t\t<span class='e-n-accordion-item-title-header'><div class=\"e-n-accordion-item-title-text\"> Cuidado de Jardin <\/div><\/span>\n\t\t\t\t\t\t\t<span class='e-n-accordion-item-title-icon'>\n\t\t\t<span class='e-opened' ><svg aria-hidden=\"true\" class=\"e-font-icon-svg e-fas-minus\" viewBox=\"0 0 448 512\" xmlns=\"http:\/\/www.w3.org\/2000\/svg\"><path d=\"M416 208H32c-17.67 0-32 14.33-32 32v32c0 17.67 14.33 32 32 32h384c17.67 0 32-14.33 32-32v-32c0-17.67-14.33-32-32-32z\"><\/path><\/svg><\/span>\n\t\t\t<span class='e-closed'><svg aria-hidden=\"true\" class=\"e-font-icon-svg e-fas-plus\" viewBox=\"0 0 448 512\" xmlns=\"http:\/\/www.w3.org\/2000\/svg\"><path d=\"M416 208H272V64c0-17.67-14.33-32-32-32h-32c-17.67 0-32 14.33-32 32v144H32c-17.67 0-32 14.33-32 32v32c0 17.67 14.33 32 32 32h144v144c0 17.67 14.33 32 32 32h32c17.67 0 32-14.33 32-32V304h144c17.67 0 32-14.33 32-32v-32c0-17.67-14.33-32-32-32z\"><\/path><\/svg><\/span>\n\t\t<\/span>\n\n\t\t\t\t\t\t<\/summary>\n\t\t\t\t<div role=\"region\" aria-labelledby=\"e-n-accordion-item-9830\" class=\"elementor-element elementor-element-1ce95b9 e-con-full e-flex e-con e-child\" data-id=\"1ce95b9\" data-element_type=\"container\" data-e-type=\"container\">\n\t\t\t\t<div class=\"elementor-element elementor-element-76cbd21 elementor--h-position-center elementor--v-position-middle elementor-arrows-position-inside elementor-widget elementor-widget-slides\" data-id=\"76cbd21\" data-element_type=\"widget\" data-e-type=\"widget\" data-settings=\"{&quot;navigation&quot;:&quot;arrows&quot;,&quot;autoplay&quot;:&quot;yes&quot;,&quot;pause_on_hover&quot;:&quot;yes&quot;,&quot;pause_on_interaction&quot;:&quot;yes&quot;,&quot;autoplay_speed&quot;:5000,&quot;infinite&quot;:&quot;yes&quot;,&quot;transition&quot;:&quot;slide&quot;,&quot;transition_speed&quot;:500}\" data-widget_type=\"slides.default\">\n\t\t\t\t\t\t\t\t\t\t<div class=\"elementor-slides-wrapper elementor-main-swiper swiper\" role=\"region\" aria-roledescription=\"carousel\" aria-label=\"Slides\" dir=\"ltr\" data-animation=\"fadeInUp\">\n\t\t\t\t<div class=\"swiper-wrapper elementor-slides\">\n\t\t\t\t\t\t\t\t\t\t<div class=\"elementor-repeater-item-a0e7002 swiper-slide\" role=\"group\" aria-roledescription=\"slide\"><div class=\"swiper-slide-bg\" role=\"img\" aria-label=\"\"><\/div><div class=\"elementor-background-overlay\"><\/div><div class=\"swiper-slide-inner\" ><div class=\"swiper-slide-contents\"><div class=\"elementor-slide-heading\">Dise\u00f1o y Paisajismo<\/div><div class=\"elementor-slide-description\">Transformamos espacios vac\u00edos en zonas llenas de vida. Analizamos el clima, el tipo de suelo y tus gustos personales para seleccionar las plantas y elementos decorativos que mejor se adapten a tu entorno, creando un equilibrio perfecto entre est\u00e9tica y funcionalidad.<\/div><\/div><\/div><\/div><div class=\"elementor-repeater-item-96e878b swiper-slide\" role=\"group\" aria-roledescription=\"slide\"><div class=\"swiper-slide-bg\" role=\"img\" aria-label=\"\"><\/div><div class=\"elementor-background-overlay\"><\/div><div class=\"swiper-slide-inner\" ><div class=\"swiper-slide-contents\"><div class=\"elementor-slide-heading\">Mantenimiento y Poda de Formaci\u00f3n<\/div><div class=\"elementor-slide-description\">Mantenemos tus \u00e1rboles, arbustos y setos con un crecimiento controlado y saludable. Realizamos podas estacionales y de perfilado para asegurar que tu jard\u00edn luzca siempre ordenado, evitando que las plantas invadan zonas de paso o pierdan su vigor natural.<\/div><\/div><\/div><\/div><div class=\"elementor-repeater-item-e33637c swiper-slide\" role=\"group\" aria-roledescription=\"slide\"><div class=\"swiper-slide-bg\" role=\"img\" aria-label=\"\"><\/div><div class=\"elementor-background-overlay\"><\/div><div class=\"swiper-slide-inner\" ><div class=\"swiper-slide-contents\"><div class=\"elementor-slide-heading\">Cuidado del C\u00e9sped y Resiembra<\/div><div class=\"elementor-slide-description\">Logramos un manto verde denso y resistente mediante siegas peri\u00f3dicas, escarificados para oxigenar la tierra y abonados espec\u00edficos seg\u00fan la \u00e9poca del a\u00f1o. Si tienes zonas da\u00f1adas, aplicamos t\u00e9cnicas de resiembra para recuperar la uniformidad de tu pradera.<\/div><\/div><\/div><\/div><div class=\"elementor-repeater-item-967cdb1 swiper-slide\" role=\"group\" aria-roledescription=\"slide\"><div class=\"swiper-slide-bg\" role=\"img\" aria-label=\"\"><\/div><div class=\"elementor-background-overlay\"><\/div><div class=\"swiper-slide-inner\" ><div class=\"swiper-slide-contents\"><div class=\"elementor-slide-heading\">Sistemas de Riego Inteligente<\/div><div class=\"elementor-slide-description\">Instalamos y reparamos sistemas de riego autom\u00e1tico (goteo o aspersi\u00f3n) dise\u00f1ados para maximizar la eficiencia h\u00eddrica. Programamos los ciclos de riego para que tus plantas reciban la hidrataci\u00f3n exacta que necesitan, ahorrando agua y dinero en tu factura.<\/div><\/div><\/div><\/div>\t\t\t\t<\/div>\n\t\t\t\t\t\t\t\t\t\t\t\t\t\t\t<div class=\"elementor-swiper-button elementor-swiper-button-prev\" role=\"button\" tabindex=\"0\" aria-label=\"Previous slide\">\n\t\t\t\t\t\t\t<svg aria-hidden=\"true\" class=\"e-font-icon-svg e-eicon-chevron-left\" viewBox=\"0 0 1000 1000\" xmlns=\"http:\/\/www.w3.org\/2000\/svg\"><path d=\"M646 125C629 125 613 133 604 142L308 442C296 454 292 471 292 487 292 504 296 521 308 533L604 854C617 867 629 875 646 875 663 875 679 871 692 858 704 846 713 829 713 812 713 796 708 779 692 767L438 487 692 225C700 217 708 204 708 187 708 171 704 154 692 142 675 129 663 125 646 125Z\"><\/path><\/svg>\t\t\t\t\t\t<\/div>\n\t\t\t\t\t\t<div class=\"elementor-swiper-button elementor-swiper-button-next\" role=\"button\" tabindex=\"0\" aria-label=\"Next slide\">\n\t\t\t\t\t\t\t<svg aria-hidden=\"true\" class=\"e-font-icon-svg e-eicon-chevron-right\" viewBox=\"0 0 1000 1000\" xmlns=\"http:\/\/www.w3.org\/2000\/svg\"><path d=\"M696 533C708 521 713 504 713 487 713 471 708 454 696 446L400 146C388 133 375 125 354 125 338 125 325 129 313 142 300 154 292 171 292 187 292 204 296 221 308 233L563 492 304 771C292 783 288 800 288 817 288 833 296 850 308 863 321 871 338 875 354 875 371 875 388 867 400 854L696 533Z\"><\/path><\/svg>\t\t\t\t\t\t<\/div>\n\t\t\t\t\t\t\t\t\t\t\t\t\t\t\t\t\t<\/div>\n\t\t\t\t\t\t\t\t<\/div>\n\t\t\t\t<\/div>\n\t\t\t\t\t<\/details>\n\t\t\t\t\t\t<details id=\"e-n-accordion-item-9831\" class=\"e-n-accordion-item\" >\n\t\t\t\t<summary class=\"e-n-accordion-item-title\" data-accordion-index=\"2\" tabindex=\"-1\" aria-expanded=\"false\" aria-controls=\"e-n-accordion-item-9831\" >\n\t\t\t\t\t<span class='e-n-accordion-item-title-header'><div class=\"e-n-accordion-item-title-text\"> Cuidado de Piscina <\/div><\/span>\n\t\t\t\t\t\t\t<span class='e-n-accordion-item-title-icon'>\n\t\t\t<span class='e-opened' ><svg aria-hidden=\"true\" class=\"e-font-icon-svg e-fas-minus\" viewBox=\"0 0 448 512\" xmlns=\"http:\/\/www.w3.org\/2000\/svg\"><path d=\"M416 208H32c-17.67 0-32 14.33-32 32v32c0 17.67 14.33 32 32 32h384c17.67 0 32-14.33 32-32v-32c0-17.67-14.33-32-32-32z\"><\/path><\/svg><\/span>\n\t\t\t<span class='e-closed'><svg aria-hidden=\"true\" class=\"e-font-icon-svg e-fas-plus\" viewBox=\"0 0 448 512\" xmlns=\"http:\/\/www.w3.org\/2000\/svg\"><path d=\"M416 208H272V64c0-17.67-14.33-32-32-32h-32c-17.67 0-32 14.33-32 32v144H32c-17.67 0-32 14.33-32 32v32c0 17.67 14.33 32 32 32h144v144c0 17.67 14.33 32 32 32h32c17.67 0 32-14.33 32-32V304h144c17.67 0 32-14.33 32-32v-32c0-17.67-14.33-32-32-32z\"><\/path><\/svg><\/span>\n\t\t<\/span>\n\n\t\t\t\t\t\t<\/summary>\n\t\t\t\t<div role=\"region\" aria-labelledby=\"e-n-accordion-item-9831\" class=\"elementor-element elementor-element-9923bdb e-con-full e-flex e-con e-child\" data-id=\"9923bdb\" data-element_type=\"container\" data-e-type=\"container\">\n\t\t\t\t<div class=\"elementor-element elementor-element-f57c285 elementor--h-position-center elementor--v-position-middle elementor-arrows-position-inside elementor-widget elementor-widget-slides\" data-id=\"f57c285\" data-element_type=\"widget\" data-e-type=\"widget\" data-settings=\"{&quot;navigation&quot;:&quot;arrows&quot;,&quot;autoplay&quot;:&quot;yes&quot;,&quot;pause_on_hover&quot;:&quot;yes&quot;,&quot;pause_on_interaction&quot;:&quot;yes&quot;,&quot;autoplay_speed&quot;:5000,&quot;infinite&quot;:&quot;yes&quot;,&quot;transition&quot;:&quot;slide&quot;,&quot;transition_speed&quot;:500}\" data-widget_type=\"slides.default\">\n\t\t\t\t\t\t\t\t\t\t<div class=\"elementor-slides-wrapper elementor-main-swiper swiper\" role=\"region\" aria-roledescription=\"carousel\" aria-label=\"Slides\" dir=\"ltr\" data-animation=\"fadeInUp\">\n\t\t\t\t<div class=\"swiper-wrapper elementor-slides\">\n\t\t\t\t\t\t\t\t\t\t<div class=\"elementor-repeater-item-a0e7002 swiper-slide\" role=\"group\" aria-roledescription=\"slide\"><div class=\"swiper-slide-bg\" role=\"img\" aria-label=\"2815\"><\/div><div class=\"elementor-background-overlay\"><\/div><div class=\"swiper-slide-inner\" ><div class=\"swiper-slide-contents\"><div class=\"elementor-slide-heading\">Puesta a Punto y Desinfecci\u00f3n del Agua<\/div><div class=\"elementor-slide-description\">Preparamos tu piscina para la temporada de ba\u00f1o mediante un an\u00e1lisis exhaustivo de los niveles de pH, cloro o sal. Ajustamos los par\u00e1metros qu\u00edmicos necesarios para garantizar un agua cristalina, libre de bacterias y totalmente segura para la piel y los ojos.<\/div><\/div><\/div><\/div><div class=\"elementor-repeater-item-96e878b swiper-slide\" role=\"group\" aria-roledescription=\"slide\"><div class=\"swiper-slide-bg\" role=\"img\" aria-label=\"\"><\/div><div class=\"elementor-background-overlay\"><\/div><div class=\"swiper-slide-inner\" ><div class=\"swiper-slide-contents\"><div class=\"elementor-slide-heading\">Limpieza Profunda del Vaso y Filtros<\/div><div class=\"elementor-slide-description\">Eliminamos cualquier rastro de algas, cal o suciedad incrustada en las paredes y el fondo de la piscina. Adem\u00e1s, realizamos la limpieza y el lavado de filtros (arena, vidrio o cartucho) para asegurar que el sistema de depuraci\u00f3n funcione a pleno rendimiento sin obstrucciones.<\/div><\/div><\/div><\/div><div class=\"elementor-repeater-item-e33637c swiper-slide\" role=\"group\" aria-roledescription=\"slide\"><div class=\"swiper-slide-bg\" role=\"img\" aria-label=\"\"><\/div><div class=\"elementor-background-overlay\"><\/div><div class=\"swiper-slide-inner\" ><div class=\"swiper-slide-contents\"><div class=\"elementor-slide-heading\">Mantenimiento de Maquinaria y Bombas<\/div><div class=\"elementor-slide-description\">Revisamos el coraz\u00f3n de tu piscina: el motor y la bomba. Detectamos ruidos an\u00f3malos, fugas o fallos el\u00e9ctricos antes de que se conviertan en aver\u00edas costosas, asegurando que el ciclo de filtraci\u00f3n sea constante y eficiente durante todo el verano.<\/div><\/div><\/div><\/div><div class=\"elementor-repeater-item-3670132 swiper-slide\" role=\"group\" aria-roledescription=\"slide\"><div class=\"swiper-slide-bg\" role=\"img\" aria-label=\"\"><\/div><div class=\"elementor-background-overlay\"><\/div><div class=\"swiper-slide-inner\" ><div class=\"swiper-slide-contents\"><div class=\"elementor-slide-heading\">Invernaje y Protecci\u00f3n Anual<\/div><div class=\"elementor-slide-description\">No descuides tu piscina cuando acabe el calor. Aplicamos tratamientos de invernaje para conservar el agua en buen estado durante los meses fr\u00edos, evitando la proliferaci\u00f3n de microorganismos y facilitando una apertura r\u00e1pida y econ\u00f3mica la pr\u00f3xima primavera.<\/div><\/div><\/div><\/div>\t\t\t\t<\/div>\n\t\t\t\t\t\t\t\t\t\t\t\t\t\t\t<div class=\"elementor-swiper-button elementor-swiper-button-prev\" role=\"button\" tabindex=\"0\" aria-label=\"Previous slide\">\n\t\t\t\t\t\t\t<svg aria-hidden=\"true\" class=\"e-font-icon-svg e-eicon-chevron-left\" viewBox=\"0 0 1000 1000\" xmlns=\"http:\/\/www.w3.org\/2000\/svg\"><path d=\"M646 125C629 125 613 133 604 142L308 442C296 454 292 471 292 487 292 504 296 521 308 533L604 854C617 867 629 875 646 875 663 875 679 871 692 858 704 846 713 829 713 812 713 796 708 779 692 767L438 487 692 225C700 217 708 204 708 187 708 171 704 154 692 142 675 129 663 125 646 125Z\"><\/path><\/svg>\t\t\t\t\t\t<\/div>\n\t\t\t\t\t\t<div class=\"elementor-swiper-button elementor-swiper-button-next\" role=\"button\" tabindex=\"0\" aria-label=\"Next slide\">\n\t\t\t\t\t\t\t<svg aria-hidden=\"true\" class=\"e-font-icon-svg e-eicon-chevron-right\" viewBox=\"0 0 1000 1000\" xmlns=\"http:\/\/www.w3.org\/2000\/svg\"><path d=\"M696 533C708 521 713 504 713 487 713 471 708 454 696 446L400 146C388 133 375 125 354 125 338 125 325 129 313 142 300 154 292 171 292 187 292 204 296 221 308 233L563 492 304 771C292 783 288 800 288 817 288 833 296 850 308 863 321 871 338 875 354 875 371 875 388 867 400 854L696 533Z\"><\/path><\/svg>\t\t\t\t\t\t<\/div>\n\t\t\t\t\t\t\t\t\t\t\t\t\t\t\t\t\t<\/div>\n\t\t\t\t\t\t\t\t<\/div>\n\t\t\t\t<\/div>\n\t\t\t\t\t<\/details>\n\t\t\t\t\t<\/div>\n\t\t\t\t\t\t<\/div>\n\t\t\t\t\t<\/div>\n\t\t\t\t<\/div>\n\t\t<div class=\"elementor-element elementor-element-d9a4e07 e-flex e-con-boxed e-con e-parent\" data-id=\"d9a4e07\" data-element_type=\"container\" data-e-type=\"container\" data-settings=\"{&quot;background_background&quot;:&quot;classic&quot;}\">\n\t\t\t\t\t<div class=\"e-con-inner\">\n\t\t<div class=\"elementor-element elementor-element-0b2d181 e-con-full e-flex e-con e-child\" data-id=\"0b2d181\" data-element_type=\"container\" data-e-type=\"container\" data-settings=\"{&quot;background_background&quot;:&quot;classic&quot;}\">\n\t\t\t\t<div class=\"elementor-element elementor-element-cb92985 elementor-widget elementor-widget-heading\" data-id=\"cb92985\" data-element_type=\"widget\" data-e-type=\"widget\" data-widget_type=\"heading.default\">\n\t\t\t\t\t<h2 class=\"elementor-heading-title elementor-size-default\">El jard\u00edn y la piscina que siempre so\u00f1aste<\/h2>\t\t\t\t<\/div>\n\t\t\t\t<div class=\"elementor-element elementor-element-f390881 elementor-widget elementor-widget-text-editor\" data-id=\"f390881\" data-element_type=\"widget\" data-e-type=\"widget\" data-widget_type=\"text-editor.default\">\n\t\t\t\t\t\t\t\t\t<p data-path-to-node=\"3\">Imagina un jard\u00edn vibrante y una piscina de aguas cristalinas siempre listos para disfrutar. Somos especialistas en transformar espacios exteriores combinando el arte del paisajismo con el rigor t\u00e9cnico del mantenimiento hidr\u00e1ulico. Nos encargamos de cada detalle, desde la salud de tus plantas hasta el equilibrio perfecto del agua, para que tu hogar sea el refugio de paz que te mereces. Cu\u00e9ntanos tu idea y nosotros la hacemos realidad.<\/p>\t\t\t\t\t\t\t\t<\/div>\n\t\t\t\t<div class=\"elementor-element elementor-element-97512d7 elementor-widget elementor-widget-button\" data-id=\"97512d7\" data-element_type=\"widget\" data-e-type=\"widget\" data-widget_type=\"button.default\">\n\t\t\t\t\t\t\t\t\t\t<a class=\"elementor-button elementor-button-link elementor-size-sm\" href=\"https:\/\/hpgarden.es\/contacto\/\">\n\t\t\t\t\t\t<span class=\"elementor-button-content-wrapper\">\n\t\t\t\t\t\t\t\t\t<span class=\"elementor-button-text\">Contactar con expertos<\/span>\n\t\t\t\t\t<\/span>\n\t\t\t\t\t<\/a>\n\t\t\t\t\t\t\t\t<\/div>\n\t\t\t\t<\/div>\n\t\t\t\t\t<\/div>\n\t\t\t\t<\/div>\n\t\t\t\t<\/div>\n\t\t","protected":false},"excerpt":{"rendered":"<p>Servicios Servicios que ofrecemos Cuidado de Jardin Dise\u00f1o y PaisajismoTransformamos espacios vac\u00edos en zonas llenas de vida. Analizamos el clima, el tipo de suelo y tus gustos personales para seleccionar las plantas y elementos decorativos que mejor se adapten a tu entorno, creando un equilibrio perfecto entre est\u00e9tica y funcionalidad.Mantenimiento y Poda de Formaci\u00f3nMantenemos tus [&hellip;]<\/p>\n","protected":false},"author":1,"featured_media":0,"parent":0,"menu_order":0,"comment_status":"closed","ping_status":"closed","template":"elementor_canvas","meta":{"footnotes":""},"class_list":["post-13","page","type-page","status-publish","hentry"],"yoast_head":"<!-- This site is optimized with the Yoast SEO plugin v27.4 - https:\/\/yoast.com\/product\/yoast-seo-wordpress\/ -->\n<title>Servicios - Hugo Poquet<\/title>\n<meta name=\"robots\" content=\"index, follow, max-snippet:-1, max-image-preview:large, max-video-preview:-1\" \/>\n<link rel=\"canonical\" href=\"https:\/\/hpgarden.es\/en\/servicios\/\" \/>\n<meta property=\"og:locale\" content=\"en_GB\" \/>\n<meta property=\"og:type\" content=\"article\" \/>\n<meta property=\"og:title\" content=\"Servicios - Hugo Poquet\" \/>\n<meta property=\"og:description\" content=\"Servicios Servicios que ofrecemos Cuidado de Jardin Dise\u00f1o y PaisajismoTransformamos espacios vac\u00edos en zonas llenas de vida. Analizamos el clima, el tipo de suelo y tus gustos personales para seleccionar las plantas y elementos decorativos que mejor se adapten a tu entorno, creando un equilibrio perfecto entre est\u00e9tica y funcionalidad.Mantenimiento y Poda de Formaci\u00f3nMantenemos tus [&hellip;]\" \/>\n<meta property=\"og:url\" content=\"https:\/\/hpgarden.es\/en\/servicios\/\" \/>\n<meta property=\"og:site_name\" content=\"Hugo Poquet\" \/>\n<meta property=\"article:modified_time\" content=\"2026-03-04T14:43:59+00:00\" \/>\n<meta name=\"twitter:card\" content=\"summary_large_image\" \/>\n<meta name=\"twitter:label1\" content=\"Estimated reading time\" \/>\n\t<meta name=\"twitter:data1\" content=\"11 minutes\" \/>\n<script type=\"application\/ld+json\" class=\"yoast-schema-graph\">{\"@context\":\"https:\\\/\\\/schema.org\",\"@graph\":[{\"@type\":\"WebPage\",\"@id\":\"https:\\\/\\\/hpgarden.es\\\/servicios\\\/\",\"url\":\"https:\\\/\\\/hpgarden.es\\\/servicios\\\/\",\"name\":\"Servicios - Hugo Poquet\",\"isPartOf\":{\"@id\":\"https:\\\/\\\/hpgarden.es\\\/#website\"},\"datePublished\":\"2026-03-02T16:22:56+00:00\",\"dateModified\":\"2026-03-04T14:43:59+00:00\",\"breadcrumb\":{\"@id\":\"https:\\\/\\\/hpgarden.es\\\/servicios\\\/#breadcrumb\"},\"inLanguage\":\"en-GB\",\"potentialAction\":[{\"@type\":\"ReadAction\",\"target\":[\"https:\\\/\\\/hpgarden.es\\\/servicios\\\/\"]}]},{\"@type\":\"BreadcrumbList\",\"@id\":\"https:\\\/\\\/hpgarden.es\\\/servicios\\\/#breadcrumb\",\"itemListElement\":[{\"@type\":\"ListItem\",\"position\":1,\"name\":\"Portada\",\"item\":\"https:\\\/\\\/hpgarden.es\\\/\"},{\"@type\":\"ListItem\",\"position\":2,\"name\":\"Servicios\"}]},{\"@type\":\"WebSite\",\"@id\":\"https:\\\/\\\/hpgarden.es\\\/#website\",\"url\":\"https:\\\/\\\/hpgarden.es\\\/\",\"name\":\"Hugo Poquet\",\"description\":\"Mantenimiento de jardines y piscinas\",\"publisher\":{\"@id\":\"https:\\\/\\\/hpgarden.es\\\/#organization\"},\"potentialAction\":[{\"@type\":\"SearchAction\",\"target\":{\"@type\":\"EntryPoint\",\"urlTemplate\":\"https:\\\/\\\/hpgarden.es\\\/?s={search_term_string}\"},\"query-input\":{\"@type\":\"PropertyValueSpecification\",\"valueRequired\":true,\"valueName\":\"search_term_string\"}}],\"inLanguage\":\"en-GB\"},{\"@type\":\"Organization\",\"@id\":\"https:\\\/\\\/hpgarden.es\\\/#organization\",\"name\":\"Hugo Poquet\",\"url\":\"https:\\\/\\\/hpgarden.es\\\/\",\"logo\":{\"@type\":\"ImageObject\",\"inLanguage\":\"en-GB\",\"@id\":\"https:\\\/\\\/hpgarden.es\\\/#\\\/schema\\\/logo\\\/image\\\/\",\"url\":\"https:\\\/\\\/hpgarden.es\\\/wp-content\\\/uploads\\\/2026\\\/03\\\/cropped-hugopoquetgutierrez202602_logo_web.png\",\"contentUrl\":\"https:\\\/\\\/hpgarden.es\\\/wp-content\\\/uploads\\\/2026\\\/03\\\/cropped-hugopoquetgutierrez202602_logo_web.png\",\"width\":2249,\"height\":1305,\"caption\":\"Hugo Poquet\"},\"image\":{\"@id\":\"https:\\\/\\\/hpgarden.es\\\/#\\\/schema\\\/logo\\\/image\\\/\"}}]}<\/script>\n<!-- \/ Yoast SEO plugin. -->","yoast_head_json":{"title":"Servicios - Hugo Poquet","robots":{"index":"index","follow":"follow","max-snippet":"max-snippet:-1","max-image-preview":"max-image-preview:large","max-video-preview":"max-video-preview:-1"},"canonical":"https:\/\/hpgarden.es\/en\/servicios\/","og_locale":"en_GB","og_type":"article","og_title":"Servicios - Hugo Poquet","og_description":"Servicios Servicios que ofrecemos Cuidado de Jardin Dise\u00f1o y PaisajismoTransformamos espacios vac\u00edos en zonas llenas de vida. Analizamos el clima, el tipo de suelo y tus gustos personales para seleccionar las plantas y elementos decorativos que mejor se adapten a tu entorno, creando un equilibrio perfecto entre est\u00e9tica y funcionalidad.Mantenimiento y Poda de Formaci\u00f3nMantenemos tus [&hellip;]","og_url":"https:\/\/hpgarden.es\/en\/servicios\/","og_site_name":"Hugo Poquet","article_modified_time":"2026-03-04T14:43:59+00:00","twitter_card":"summary_large_image","twitter_misc":{"Estimated reading time":"11 minutes"},"schema":{"@context":"https:\/\/schema.org","@graph":[{"@type":"WebPage","@id":"https:\/\/hpgarden.es\/servicios\/","url":"https:\/\/hpgarden.es\/servicios\/","name":"Servicios - Hugo Poquet","isPartOf":{"@id":"https:\/\/hpgarden.es\/#website"},"datePublished":"2026-03-02T16:22:56+00:00","dateModified":"2026-03-04T14:43:59+00:00","breadcrumb":{"@id":"https:\/\/hpgarden.es\/servicios\/#breadcrumb"},"inLanguage":"en-GB","potentialAction":[{"@type":"ReadAction","target":["https:\/\/hpgarden.es\/servicios\/"]}]},{"@type":"BreadcrumbList","@id":"https:\/\/hpgarden.es\/servicios\/#breadcrumb","itemListElement":[{"@type":"ListItem","position":1,"name":"Portada","item":"https:\/\/hpgarden.es\/"},{"@type":"ListItem","position":2,"name":"Servicios"}]},{"@type":"WebSite","@id":"https:\/\/hpgarden.es\/#website","url":"https:\/\/hpgarden.es\/","name":"Hugo Poquet","description":"Mantenimiento de jardines y piscinas","publisher":{"@id":"https:\/\/hpgarden.es\/#organization"},"potentialAction":[{"@type":"SearchAction","target":{"@type":"EntryPoint","urlTemplate":"https:\/\/hpgarden.es\/?s={search_term_string}"},"query-input":{"@type":"PropertyValueSpecification","valueRequired":true,"valueName":"search_term_string"}}],"inLanguage":"en-GB"},{"@type":"Organization","@id":"https:\/\/hpgarden.es\/#organization","name":"Hugo Poquet","url":"https:\/\/hpgarden.es\/","logo":{"@type":"ImageObject","inLanguage":"en-GB","@id":"https:\/\/hpgarden.es\/#\/schema\/logo\/image\/","url":"https:\/\/hpgarden.es\/wp-content\/uploads\/2026\/03\/cropped-hugopoquetgutierrez202602_logo_web.png","contentUrl":"https:\/\/hpgarden.es\/wp-content\/uploads\/2026\/03\/cropped-hugopoquetgutierrez202602_logo_web.png","width":2249,"height":1305,"caption":"Hugo Poquet"},"image":{"@id":"https:\/\/hpgarden.es\/#\/schema\/logo\/image\/"}}]}},"_links":{"self":[{"href":"https:\/\/hpgarden.es\/en\/wp-json\/wp\/v2\/pages\/13","targetHints":{"allow":["GET"]}}],"collection":[{"href":"https:\/\/hpgarden.es\/en\/wp-json\/wp\/v2\/pages"}],"about":[{"href":"https:\/\/hpgarden.es\/en\/wp-json\/wp\/v2\/types\/page"}],"author":[{"embeddable":true,"href":"https:\/\/hpgarden.es\/en\/wp-json\/wp\/v2\/users\/1"}],"replies":[{"embeddable":true,"href":"https:\/\/hpgarden.es\/en\/wp-json\/wp\/v2\/comments?post=13"}],"version-history":[{"count":61,"href":"https:\/\/hpgarden.es\/en\/wp-json\/wp\/v2\/pages\/13\/revisions"}],"predecessor-version":[{"id":361,"href":"https:\/\/hpgarden.es\/en\/wp-json\/wp\/v2\/pages\/13\/revisions\/361"}],"wp:attachment":[{"href":"https:\/\/hpgarden.es\/en\/wp-json\/wp\/v2\/media?parent=13"}],"curies":[{"name":"wp","href":"https:\/\/api.w.org\/{rel}","templated":true}]}}